{"id":489,"date":"2015-03-26T01:18:42","date_gmt":"2015-03-26T01:18:42","guid":{"rendered":"http:\/\/razonartificial.com\/themes\/reason-wp\/?page_id=489"},"modified":"2025-04-09T14:46:20","modified_gmt":"2025-04-09T14:46:20","slug":"about-us-team","status":"publish","type":"page","link":"https:\/\/samoprzylepne24.pl\/?page_id=489","title":{"rendered":"O nas"},"content":{"rendered":"<div class=\"container\">\n<div class=\"row\">\n<div class=\"col-xs-12\"><\/div>\n<div class=\"col-md-8 wow fadeInUp\">\n<h2 class=\"right-line\">O nas<\/h2>\n<p>Nasza firma znajduj\u0105ca si\u0119 przy ul. Chorzowskiej 73 A w Katowicach jest firm\u0105 zajmuj\u0105c\u0105 si\u0119 sprzeda\u017c\u0105 papier\u00f3w oraz folii samoprzylepnych do wszelkiego rodzaju druku.<\/p>\n<p>Powstali\u015bmy w 1997 roku. Od pocz\u0105tku dzia\u0142alno\u015bci stawiamy na profesjonalizm i tworzenie przyjaznych trwa\u0142ych relacji z klientem. Jeste\u015bmy elastyczni i dostosowujemy si\u0119 do potrzeb klienta.<\/p>\n<p>W naszej ofercie posiadamy szerok\u0105 gam\u0119 papier\u00f3w i folii samoprzylepnych do r\u00f3\u017cnego rodzaju druku (laser, cyfra, atrament, sitodruk, offset, itp.), szeroki wyb\u00f3r etykiet samoprzylepnych wykonanych na formatach A4 jak r\u00f3wnie\u017c materia\u0142y do specjalnego zastosowania: papier samoprzylepny do g\u0142\u0119bokiego mro\u017cenie, papier samoprzylepny maskuj\u0105cy z ciemnym podk\u0142adem, papier samoprzylepny z mocnym klejem, folie samoprzylepne plombowe.<\/p>\n<h4><\/h4>\n<p class=\"Standard\"><strong>Odpowiemy na ka\u017cde Pa\u0144stwa zapytanie, kt\u00f3re mo\u017cna kierowa\u0107 na adres e-mail:\u00a0\u00a0<\/strong><strong><a href=\"biuro@samoprzylepne24.pl\">biuro@samoprzylepne24.pl<\/a> l<\/strong><strong>ub pod numerami<\/strong><strong> tel. 32-204-87-47 lub tel. kom: 510-171-059.<\/strong><\/p>\n<p class=\"Standard\"><strong>Zapraszamy do wsp\u00f3\u0142pracy i zapoznania si\u0119 z nasz\u0105 ofert\u0105.<\/strong><\/p>\n<\/div>\n<footer><\/footer>\n<div class=\"col-md-4 wow fadeInUp\">\n<h2 class=\"right-line\">Polecamy<\/h2>\n<div class=\"row\">\n<div class=\"col-md-6 col-sm-3 col-xs-6\"><img loading=\"lazy\" decoding=\"async\" class=\"alignnone size-full wp-image-830\" src=\"http:\/\/wings.home.pl\/autoinstalator\/wordpress11\/wp-content\/uploads\/2018\/04\/logo1.png\" alt=\"\" width=\"172\" height=\"70\" \/><\/div>\n<div><\/div>\n<div class=\"col-md-6 col-sm-3 col-xs-6\"><img loading=\"lazy\" decoding=\"async\" class=\"alignnone size-full wp-image-831\" src=\"http:\/\/wings.home.pl\/autoinstalator\/wordpress11\/wp-content\/uploads\/2018\/04\/niebieski2.png\" alt=\"\" width=\"280\" height=\"53\" \/><\/div>\n<\/div>\n<\/div>\n<\/div>\n<\/div>\n<p><!-- container --><\/p>\n","protected":false},"excerpt":{"rendered":"<p>O nas Nasza firma znajduj\u0105ca si\u0119 przy ul. Chorzowskiej 73 A w Katowicach jest firm\u0105 zajmuj\u0105c\u0105 si\u0119 sprzeda\u017c\u0105 papier\u00f3w oraz folii samoprzylepnych do wszelkiego rodzaju druku. Powstali\u015bmy w 1997 roku. Od pocz\u0105tku dzia\u0142alno\u015bci stawiamy na profesjonalizm i tworzenie przyjaznych trwa\u0142ych relacji z klientem. Jeste\u015bmy elastyczni i dostosowujemy si\u0119 do potrzeb klienta. W naszej ofercie posiadamy szerok\u0105 gam\u0119 papier\u00f3w i folii samoprzylepnych do r\u00f3\u017cnego rodzaju druku (laser, cyfra, atrament, sitodruk, offset, itp.), szeroki wyb\u00f3r etykiet samoprzylepnych wykonanych na formatach A4 jak r\u00f3wnie\u017c materia\u0142y do specjalnego zastosowania: papier samoprzylepny do g\u0142\u0119bokiego mro\u017cenie, papier samoprzylepny maskuj\u0105cy z ciemnym podk\u0142adem, papier samoprzylepny z mocnym klejem, folie samoprzylepne plombowe. Odpowiemy na ka\u017cde Pa\u0144stwa zapytanie, kt\u00f3re mo\u017cna kierowa\u0107 na adres e-mail:\u00a0\u00a0biuro@samoprzylepne24.pl lub pod numerami tel. 32-204-87-47 lub tel. kom: 510-171-059. Zapraszamy do wsp\u00f3\u0142pracy i zapoznania si\u0119 z nasz\u0105 ofert\u0105. Polecamy<\/p>\n","protected":false},"author":1,"featured_media":0,"parent":0,"menu_order":0,"comment_status":"open","ping_status":"open","template":"page-without-format.php","meta":{"footnotes":""},"class_list":["post-489","page","type-page","status-publish","hentry"],"_links":{"self":[{"href":"https:\/\/samoprzylepne24.pl\/index.php?rest_route=\/wp\/v2\/pages\/489","targetHints":{"allow":["GET"]}}],"collection":[{"href":"https:\/\/samoprzylepne24.pl\/index.php?rest_route=\/wp\/v2\/pages"}],"about":[{"href":"https:\/\/samoprzylepne24.pl\/index.php?rest_route=\/wp\/v2\/types\/page"}],"author":[{"embeddable":true,"href":"https:\/\/samoprzylepne24.pl\/index.php?rest_route=\/wp\/v2\/users\/1"}],"replies":[{"embeddable":true,"href":"https:\/\/samoprzylepne24.pl\/index.php?rest_route=%2Fwp%2Fv2%2Fcomments&post=489"}],"version-history":[{"count":6,"href":"https:\/\/samoprzylepne24.pl\/index.php?rest_route=\/wp\/v2\/pages\/489\/revisions"}],"predecessor-version":[{"id":1119,"href":"https:\/\/samoprzylepne24.pl\/index.php?rest_route=\/wp\/v2\/pages\/489\/revisions\/1119"}],"wp:attachment":[{"href":"https:\/\/samoprzylepne24.pl\/index.php?rest_route=%2Fwp%2Fv2%2Fmedia&parent=489"}],"curies":[{"name":"wp","href":"https:\/\/api.w.org\/{rel}","templated":true}]}}