{"id":499,"date":"2015-03-26T01:29:08","date_gmt":"2015-03-26T01:29:08","guid":{"rendered":"http:\/\/razonartificial.com\/themes\/reason-wp\/?page_id=499"},"modified":"2025-04-09T14:45:45","modified_gmt":"2025-04-09T14:45:45","slug":"contact-option-1","status":"publish","type":"page","link":"https:\/\/samoprzylepne24.pl\/?page_id=499","title":{"rendered":"Kontakt"},"content":{"rendered":"<div class=\"container\">\n<div class=\"row\">\n<div class=\"col-md-12\">\n<h2 class=\"section-title\">Wy\u015blij wiadomo\u015b\u0107<\/h2>\n<\/div>\n<div class=\"col-md-8\">\n<section>Zapraszamy do kontaktu z nami<\/p>\n<div role=\"form\" class=\"wpcf7\" id=\"wpcf7-f900-o1\" lang=\"pl-PL\" dir=\"ltr\">\n<div class=\"screen-reader-response\" role=\"alert\" aria-live=\"polite\"><\/div>\n<form action=\"\/index.php?rest_route=%2Fwp%2Fv2%2Fpages%2F499#wpcf7-f900-o1\" method=\"post\" class=\"wpcf7-form init\" novalidate=\"novalidate\">\n<div style=\"display: none;\">\n<input type=\"hidden\" name=\"_wpcf7\" value=\"900\" \/>\n<input type=\"hidden\" name=\"_wpcf7_version\" value=\"5.2\" \/>\n<input type=\"hidden\" name=\"_wpcf7_locale\" value=\"pl_PL\" \/>\n<input type=\"hidden\" name=\"_wpcf7_unit_tag\" value=\"wpcf7-f900-o1\" \/>\n<input type=\"hidden\" name=\"_wpcf7_container_post\" value=\"0\" \/>\n<input type=\"hidden\" name=\"_wpcf7_posted_data_hash\" value=\"\" \/>\n<\/div>\n<p><label> Imi\u0119 i nazwisko (wymagane)<br \/>\n    <span class=\"wpcf7-form-control-wrap your-name\"><input type=\"text\" name=\"your-name\" value=\"\" size=\"40\" class=\"wpcf7-form-control wpcf7-text wpcf7-validates-as-required\" aria-required=\"true\" aria-invalid=\"false\" \/><\/span> <\/label><\/p>\n<p><label> Adres email (wymagane)<br \/>\n    <span class=\"wpcf7-form-control-wrap your-email\"><input type=\"email\" name=\"your-email\" value=\"\" size=\"40\" class=\"wpcf7-form-control wpcf7-text wpcf7-email wpcf7-validates-as-required wpcf7-validates-as-email\" aria-required=\"true\" aria-invalid=\"false\" \/><\/span> <\/label><\/p>\n<p><label> Temat<br \/>\n    <span class=\"wpcf7-form-control-wrap your-subject\"><input type=\"text\" name=\"your-subject\" value=\"\" size=\"40\" class=\"wpcf7-form-control wpcf7-text\" aria-invalid=\"false\" \/><\/span> <\/label><\/p>\n<p><label> Tre\u015b\u0107 wiadomo\u015bci<br \/>\n    <span class=\"wpcf7-form-control-wrap your-message\"><textarea name=\"your-message\" cols=\"40\" rows=\"10\" class=\"wpcf7-form-control wpcf7-textarea\" aria-invalid=\"false\"><\/textarea><\/span> <\/label><\/p>\n<p><input type=\"submit\" value=\"Wy\u015blij\" class=\"wpcf7-form-control wpcf7-submit\" \/><\/p>\n<div class=\"wpcf7-response-output\" role=\"alert\" aria-hidden=\"true\"><\/div><\/form><\/div>\n<\/section>\n<\/div>\n<div class=\"col-md-4\">\n<section>\n<div class=\"panel panel-primary\">\n<div class=\"panel-heading\"><i class=\"fa fa-envelope-o\"><\/i> Informacje adresowe<\/div>\n<div class=\"panel-body\">\n<h4 class=\"section-title no-margin-top\">Kontakt<\/h4>\n<address><strong>Papiery Samoprzylepne<\/strong><\/p>\n<p>Chorzowska 73<br \/>\n40-101 Katowice<br \/>\n<abbr title=\"Phone\">Telefon:<\/abbr>+ 48 32-204-87-47<br \/>\n<span class=\"contact-mobile\"><br \/>\nTelefon:+48 510-171-059 <\/span><\/p>\n<p>email: <a href=\"mailto:biuro@samoprzylepne24.pl\">biuro@samoprzylepne24.pl<\/a><\/p>\n<\/address>\n<p><!-- Business Hours --><\/p>\n<h4 class=\"section-title no-margin-top\">Godziny otwarcia<\/h4>\n<ul class=\"list-unstyled\">\n<li><strong>Poniedzia\u0142ek &#8211; pi\u0105tek:<\/strong> 7:30 &#8211; 15:30<\/li>\n<li><strong>Sobota:<\/strong> Nieczynne<\/li>\n<li><strong>Niedziela:<\/strong> Nieczynne<\/li>\n<\/ul>\n<\/div>\n<\/div>\n<\/section>\n<\/div>\n<\/div>\n<hr class=\"dotted\" \/>\n<section>\n<div class=\"well well-sm\"><iframe loading=\"lazy\" style=\"border: 0;\" src=\"https:\/\/www.google.com\/maps\/embed?pb=!1m18!1m12!1m3!1d2550.2537178023754!2d19.008453215724842!3d50.268521079450714!2m3!1f0!2f0!3f0!3m2!1i1024!2i768!4f13.1!3m3!1m2!1s0x4716ce17d5737aa5%3A0x780f4b270f4b094e!2sPapiery+Samoprzylepne!5e0!3m2!1spl!2spl!4v1522867811160\" width=\"100%\" height=\"350\" frameborder=\"0\"><\/iframe><\/div>\n<\/section>\n<\/div>\n<p><!-- container --><\/p>\n","protected":false},"excerpt":{"rendered":"<p>Wy\u015blij wiadomo\u015b\u0107 Zapraszamy do kontaktu z nami Informacje adresowe Kontakt Papiery Samoprzylepne Chorzowska 73 40-101 Katowice Telefon:+ 48 32-204-87-47 Telefon:+48 510-171-059 email: biuro@samoprzylepne24.pl Godziny otwarcia Poniedzia\u0142ek &#8211; pi\u0105tek: 7:30 &#8211; 15:30 Sobota: Nieczynne Niedziela: Nieczynne<\/p>\n","protected":false},"author":1,"featured_media":0,"parent":0,"menu_order":0,"comment_status":"open","ping_status":"open","template":"page-without-format.php","meta":{"footnotes":""},"class_list":["post-499","page","type-page","status-publish","hentry"],"_links":{"self":[{"href":"https:\/\/samoprzylepne24.pl\/index.php?rest_route=\/wp\/v2\/pages\/499","targetHints":{"allow":["GET"]}}],"collection":[{"href":"https:\/\/samoprzylepne24.pl\/index.php?rest_route=\/wp\/v2\/pages"}],"about":[{"href":"https:\/\/samoprzylepne24.pl\/index.php?rest_route=\/wp\/v2\/types\/page"}],"author":[{"embeddable":true,"href":"https:\/\/samoprzylepne24.pl\/index.php?rest_route=\/wp\/v2\/users\/1"}],"replies":[{"embeddable":true,"href":"https:\/\/samoprzylepne24.pl\/index.php?rest_route=%2Fwp%2Fv2%2Fcomments&post=499"}],"version-history":[{"count":15,"href":"https:\/\/samoprzylepne24.pl\/index.php?rest_route=\/wp\/v2\/pages\/499\/revisions"}],"predecessor-version":[{"id":1118,"href":"https:\/\/samoprzylepne24.pl\/index.php?rest_route=\/wp\/v2\/pages\/499\/revisions\/1118"}],"wp:attachment":[{"href":"https:\/\/samoprzylepne24.pl\/index.php?rest_route=%2Fwp%2Fv2%2Fmedia&parent=499"}],"curies":[{"name":"wp","href":"https:\/\/api.w.org\/{rel}","templated":true}]}}